{"id":109625,"date":"2019-09-05T10:59:05","date_gmt":"2019-09-05T15:59:05","guid":{"rendered":"http:\/\/bejsment.com\/?page_id=109625"},"modified":"2023-01-30T16:31:35","modified_gmt":"2023-01-30T21:31:35","slug":"kontakt","status":"publish","type":"page","link":"https:\/\/bejsment.com\/index.php\/kontakt\/","title":{"rendered":"Reklama"},"content":{"rendered":"<p><img loading=\"lazy\" decoding=\"async\" class=\"aligncenter wp-image-109629 size-full\" src=\"https:\/\/bejsment.com\/wp-content\/uploads\/2019\/09\/bejsmentAndWiadomosciLogos2019-09-05.gif\" alt=\"\" width=\"638\" height=\"83\" \/><\/p>\n<h3 class=\"tit1\">Bejsment.com &#8211; polskoj\u0119zyczny Web Portal w Kanadzie<\/h3>\n<p><strong>Reklama: Dzwo\u0144 416-270-6823<\/strong> lub <a href=\"https:\/\/bejsment.com\/index.php\/advertise\/\">wi\u0119cej informacji o mo\u017cliwo\u015bciach reklamowania<\/a>.<\/p>\n<p>E-mail: <strong>redakcja@wiadomo.com<\/strong><\/p>\n<p>Nasz adres: 1454 Dundas St. East, (Dundas\/Dixie), Suite 124, Mississauga, Ontario, L4X 1L4<\/p>\n<p class=\"tx01hm\">Polskoj\u0119zyczny portal internetowy w Kanadzie, z siedzib\u0105 w mie\u015bcie Mississauga, prowadzony przez firm\u0119 Wiadomosci Press Inc. to polskoj\u0119zyczne medium w Kanadzie, skupiaj\u0105ce si\u0119 na dostarczaniu wiadomo\u015bci i no\u015bnik\u00f3w reklamy dla Polak\u00f3w w Greater Toronto Area. Przeszukiwalna baza danych obejmuje ponad 20 tys. artyku\u0142\u00f3w. S\u0105 one cz\u0119sto wykorzystywane przez media w Polsce<sup id=\"cite_ref-3\" class=\"reference\"><\/sup><sup id=\"cite_ref-4\" class=\"reference\"><\/sup><sup id=\"cite_ref-5\" class=\"reference\"><\/sup>\u00a0i innych krajach<sup id=\"cite_ref-6\" class=\"reference\"><\/sup><sup id=\"cite_ref-7\" class=\"reference\"><\/sup>, a tworz\u0105 je dziennikarze zwi\u0105zani z tygodnikiem \u201eWiadomo\u015bci\u201d. Wed\u0142ug Google Analytics z serwisu korzysta blisko 20 tys. unikalnych u\u017cytkownik\u00f3w, kt\u00f3rzy generuj\u0105 ponad 245 tys. ods\u0142on miesi\u0119cznie (2023).<\/p>\n<p><a href=\"https:\/\/pl.wikipedia.org\/wiki\/Bejsment.com\">Bejsment.com \u2013 Wikipedia, wolna encyklopedia<\/a><\/p>\n<p><strong>Telefon do zamawiania og\u0142osze\u0144 drobnych p\u0142atnych: 905-306-7368.<\/strong><br \/>\nOg\u0142osze\u0144 bezp\u0142atnych nie mo\u017cna zam\u00f3wi\u0107 przez telefon. Og\u0142oszenia bezp\u0142atne przyjmujemy tylko przez stron\u0119 internetow\u0105 Bejsment.com<\/p>\n<p><strong>Telefon do zamawiania p\u0142atnych reklam ramkowych: 416-270-6823.<\/strong><\/p>\n<p>Aby zam\u00f3wi\u0107 reklam\u0119 do druku\u00a0w tygodniku &#8220;<a href=\"https:\/\/www.wiadomo.com\/\">Wiadomo\u015bci<\/a>&#8221; wystarczy na powy\u017cszy email przes\u0142a\u0107 tekst i obrazy, kt\u00f3re maj\u0105 si\u0119 w reklamie znale\u017a\u0107. Skontaktujemy si\u0119 z Pa\u0144stwem aby ustali\u0107 szczeg\u00f3\u0142y.<\/p>\n<p>Zapraszamy!<\/p>\n","protected":false},"excerpt":{"rendered":"<p>Bejsment.com &#8211; polskoj\u0119zyczny Web Portal w Kanadzie Reklama: Dzwo\u0144 416-270-6823 lub wi\u0119cej informacji o mo\u017cliwo\u015bciach reklamowania. E-mail: redakcja@wiadomo.com Nasz adres: 1454 Dundas St. East, (Dundas\/Dixie),&hellip;<\/p>\n","protected":false},"author":47,"featured_media":0,"parent":0,"menu_order":0,"comment_status":"closed","ping_status":"closed","template":"","meta":{"footnotes":""},"class_list":["post-109625","page","type-page","status-publish","hentry"],"_links":{"self":[{"href":"https:\/\/bejsment.com\/index.php\/wp-json\/wp\/v2\/pages\/109625","targetHints":{"allow":["GET"]}}],"collection":[{"href":"https:\/\/bejsment.com\/index.php\/wp-json\/wp\/v2\/pages"}],"about":[{"href":"https:\/\/bejsment.com\/index.php\/wp-json\/wp\/v2\/types\/page"}],"author":[{"embeddable":true,"href":"https:\/\/bejsment.com\/index.php\/wp-json\/wp\/v2\/users\/47"}],"replies":[{"embeddable":true,"href":"https:\/\/bejsment.com\/index.php\/wp-json\/wp\/v2\/comments?post=109625"}],"version-history":[{"count":18,"href":"https:\/\/bejsment.com\/index.php\/wp-json\/wp\/v2\/pages\/109625\/revisions"}],"predecessor-version":[{"id":155322,"href":"https:\/\/bejsment.com\/index.php\/wp-json\/wp\/v2\/pages\/109625\/revisions\/155322"}],"wp:attachment":[{"href":"https:\/\/bejsment.com\/index.php\/wp-json\/wp\/v2\/media?parent=109625"}],"curies":[{"name":"wp","href":"https:\/\/api.w.org\/{rel}","templated":true}]}}