{"id":111286,"date":"2019-10-28T15:29:37","date_gmt":"2019-10-28T20:29:37","guid":{"rendered":"https:\/\/bejsment.com\/?page_id=111286"},"modified":"2019-10-28T15:31:16","modified_gmt":"2019-10-28T20:31:16","slug":"dla-agentow","status":"publish","type":"page","link":"https:\/\/bejsment.com\/index.php\/dla-agentow\/","title":{"rendered":"Dla agent\u00f3w"},"content":{"rendered":"<h2>Nowy, bezp\u0142atny spos\u00f3b promowania listing\u00f3w<\/h2>\n<p>Wiadomo\u015bci otwieraj\u0105 nowy dzia\u0142 og\u0142osze\u0144 drobnych &#8211; <span class=\"navl\">Nieruchomo\u015bci Na Sprzeda\u017c<\/span>. Agenci kt\u00f3rzy reklamuj\u0105 si\u0119 w Wiadomo\u015bciach mog\u0105 zamieszcza\u0107 swoje listingi tym dziale &#8211; <span class=\"navl\">bezp\u0142atnie<\/span>.<br \/>\nAby og\u0142oszenia te pojawi\u0142y si\u0119 w Wiadomo\u015bciach <span class=\"navl\">trzeba je zam\u00f3wi\u0107 przez Bejsment.com<\/span> &#8211; tym sposobem b\u0119d\u0105 one w 4-ch miejscach naraz:<\/p>\n<ol>\n<li>W og\u0142oszeniach drobnych na Bejsment.com<\/li>\n<li>W og\u0142oszeniach drobnych w tygodniku Wiadomo\u015bci<\/li>\n<li>W nowych <a href=\"https:\/\/bejsment.com\/index.php\/patatay-business-directory\/business-view\/?id=416&amp;article=425\">Promo Pages<\/a> &#8211; Pa\u0144stwa bezp\u0142atnej stronie internetowej w Katalogu Firm na Bejsment.com<\/li>\n<li>W Pa\u0144stwa reklamie w tygodniku Wiadomo\u015bci<\/li>\n<\/ol>\n<h3 class=\"tit3\">Jak bezp\u0142atnie opublikowa\u0107 listing?<\/h3>\n<h4 class=\"hmtopnav\"><span class=\"ti03bg\">1. Za\u0142\u00f3\u017c konto &#8211; Sign up<\/span><\/h4>\n<p class=\"hmtopnav\">Prosimy odwiedzi\u0107 Bejsment.com i za\u0142o\u017cy\u0107 sobie bezp\u0142atne konto. Najlepiej klikaj\u0105c Signup na szarym pasku w prawym g\u00f3rnym rogu ekranu. Na telefonie: Login i nastepnie Register.<\/p>\n<h4 class=\"ti03bg\">2. Znajd\u017a sw\u00f3j biznes<\/h4>\n<ul>\n<li>Po otwarciu konta i zalogowaniu si\u0119 prosimy nacisn\u0105\u0107 ikon\u0119 \u201cFirmy\u201d u g\u00f3ry strony.<\/li>\n<li>Otworzy\u0107 dzia\u0142 Nieruchomo\u015bci\/Agenci, znale\u017a\u0107 sw\u00f3j biznes, oraz nacisn\u0105\u0107 \u201cClaim this business\u201d.<\/li>\n<li>Nast\u0119pnie prosimy zadzwoni\u0107 na numer redakcji 905-306-7368 aby listing firmy zosta\u0142 Pa\u0144stwu przekazany.<\/li>\n<\/ul>\n<h4 class=\"ti03bg\">3. Dodaj swoje listingi jako og\u0142oszenia drobne<\/h4>\n<p><span class=\"hmtopnav\"> Na Bejsment.com id\u017a do dzia\u0142u Og\u0142oszenia Drobne, do kategorii <a href=\"https:\/\/bejsment.com\/index.php\/patatay-classifieds\/category-view\/?cat=33&amp;subcat=35\">Nieruchomo\u015bci\/Sprzedam<\/a>. Dodaj listingi jako og\u0142oszenia drobne, oraz zaznacz opcje: <\/span><\/p>\n<ul>\n<li>Poka\u017c moj\u0105 wizyt\u00f3wk\u0119 przy og\u0142oszeniu. Tym sposobem nie trzeba za ka\u017cdym razem wpisywa\u0107 swoich danych kontaktowych.<\/li>\n<li>Create a new promo page for my Classifieds &#8211; Tym sposobem Wasze listingi zostan\u0105 zgrupowane na Waszej w\u0142asnej, publicznej stronie internetowej w Katalogu Firm.<\/li>\n<li>Na 1 wydanie do druku w Wiadomo\u015bciach &#8211; bezp\u0142atne og\u0142oszenie drobne do druku w tygodniku Wiadomo\u015bci.<br \/>\nZaznacz Poka\u017c moja wizyt\u00f3wk\u0119 przy og\u0142oszeniu do druku.<\/li>\n<\/ul>\n<p>&nbsp;<\/p>\n<p><a href=\"https:\/\/bejsment.com\/wp-content\/uploads\/2019\/10\/ProfessionalProfileIllustration.jpg\"><img loading=\"lazy\" decoding=\"async\" class=\"aligncenter wp-image-111287 size-custom-full-size\" src=\"https:\/\/bejsment.com\/wp-content\/uploads\/2019\/10\/ProfessionalProfileIllustration-636x919.jpg\" alt=\"\" width=\"636\" height=\"919\" \/><\/a><\/p>\n<p>&nbsp;<\/p>\n<p>&nbsp;<\/p>\n","protected":false},"excerpt":{"rendered":"<p>Nowy, bezp\u0142atny spos\u00f3b promowania listing\u00f3w Wiadomo\u015bci otwieraj\u0105 nowy dzia\u0142 og\u0142osze\u0144 drobnych &#8211; Nieruchomo\u015bci Na Sprzeda\u017c. Agenci kt\u00f3rzy reklamuj\u0105 si\u0119 w Wiadomo\u015bciach mog\u0105 zamieszcza\u0107 swoje listingi&hellip;<\/p>\n","protected":false},"author":700,"featured_media":0,"parent":0,"menu_order":0,"comment_status":"closed","ping_status":"closed","template":"","meta":{"footnotes":""},"class_list":["post-111286","page","type-page","status-publish","hentry"],"_links":{"self":[{"href":"https:\/\/bejsment.com\/index.php\/wp-json\/wp\/v2\/pages\/111286","targetHints":{"allow":["GET"]}}],"collection":[{"href":"https:\/\/bejsment.com\/index.php\/wp-json\/wp\/v2\/pages"}],"about":[{"href":"https:\/\/bejsment.com\/index.php\/wp-json\/wp\/v2\/types\/page"}],"author":[{"embeddable":true,"href":"https:\/\/bejsment.com\/index.php\/wp-json\/wp\/v2\/users\/700"}],"replies":[{"embeddable":true,"href":"https:\/\/bejsment.com\/index.php\/wp-json\/wp\/v2\/comments?post=111286"}],"version-history":[{"count":4,"href":"https:\/\/bejsment.com\/index.php\/wp-json\/wp\/v2\/pages\/111286\/revisions"}],"predecessor-version":[{"id":111291,"href":"https:\/\/bejsment.com\/index.php\/wp-json\/wp\/v2\/pages\/111286\/revisions\/111291"}],"wp:attachment":[{"href":"https:\/\/bejsment.com\/index.php\/wp-json\/wp\/v2\/media?parent=111286"}],"curies":[{"name":"wp","href":"https:\/\/api.w.org\/{rel}","templated":true}]}}