{"id":129787,"date":"2021-04-27T15:30:49","date_gmt":"2021-04-27T19:30:49","guid":{"rendered":"https:\/\/bejsment.com\/?page_id=129787"},"modified":"2021-04-27T16:08:36","modified_gmt":"2021-04-27T20:08:36","slug":"reklama-2","status":"publish","type":"page","link":"https:\/\/bejsment.com\/index.php\/reklama-2\/","title":{"rendered":"Reklama"},"content":{"rendered":"<p>&nbsp;<\/p>\n<p>Zanim zaczniesz zamawia\u0107 promocj\u0119 upewnij si\u0119 \u017ce jeste\u015b zalogowany.<\/p>\n<p>&nbsp;<\/p>\n<p>Aby doda\u0107 og\u0142oszenie drobne na stron\u0119 bejsment.com oraz do tygodnika Wiadomo\u015bci <strong><a href=\"https:\/\/bejsment.com\/index.php\/patatay-classifieds\/place-your-classified\/\">kliknij tutaj<\/a><\/strong>.<\/p>\n<p>Aby zam\u00f3wi\u0107 og\u0142oszenie w ramce w tygodniku Wiadomo\u015bci <strong><a href=\"https:\/\/clascal.ca\/index.php\/frame_ads\/create_frame_ad\/\">kliknij tutaj<\/a><\/strong>.<\/p>\n<p>Aby zam\u00f3wi\u0107 baner reklamowy na stron\u0119 bejsment.com <a href=\"https:\/\/admin.clascal.ca\/patatay\/campaigns\"><strong>kliknij tutaj<\/strong><\/a>.<\/p>\n<p>&nbsp;<\/p>\n<p>&nbsp;<\/p>\n<p>&nbsp;<\/p>\n","protected":false},"excerpt":{"rendered":"<p>&nbsp; Zanim zaczniesz zamawia\u0107 promocj\u0119 upewnij si\u0119 \u017ce jeste\u015b zalogowany. &nbsp; Aby doda\u0107 og\u0142oszenie drobne na stron\u0119 bejsment.com oraz do tygodnika Wiadomo\u015bci kliknij tutaj. Aby&hellip;<\/p>\n","protected":false},"author":700,"featured_media":0,"parent":0,"menu_order":0,"comment_status":"closed","ping_status":"closed","template":"","meta":{"footnotes":""},"class_list":["post-129787","page","type-page","status-publish","hentry"],"_links":{"self":[{"href":"https:\/\/bejsment.com\/index.php\/wp-json\/wp\/v2\/pages\/129787","targetHints":{"allow":["GET"]}}],"collection":[{"href":"https:\/\/bejsment.com\/index.php\/wp-json\/wp\/v2\/pages"}],"about":[{"href":"https:\/\/bejsment.com\/index.php\/wp-json\/wp\/v2\/types\/page"}],"author":[{"embeddable":true,"href":"https:\/\/bejsment.com\/index.php\/wp-json\/wp\/v2\/users\/700"}],"replies":[{"embeddable":true,"href":"https:\/\/bejsment.com\/index.php\/wp-json\/wp\/v2\/comments?post=129787"}],"version-history":[{"count":4,"href":"https:\/\/bejsment.com\/index.php\/wp-json\/wp\/v2\/pages\/129787\/revisions"}],"predecessor-version":[{"id":129809,"href":"https:\/\/bejsment.com\/index.php\/wp-json\/wp\/v2\/pages\/129787\/revisions\/129809"}],"wp:attachment":[{"href":"https:\/\/bejsment.com\/index.php\/wp-json\/wp\/v2\/media?parent=129787"}],"curies":[{"name":"wp","href":"https:\/\/api.w.org\/{rel}","templated":true}]}}